{"id":27,"date":"2024-09-27T11:27:21","date_gmt":"2024-09-27T09:27:21","guid":{"rendered":"https:\/\/paguerainversionesinmobiliariassa.com\/?page_id=27"},"modified":"2025-06-30T14:41:54","modified_gmt":"2025-06-30T12:41:54","slug":"inicio","status":"publish","type":"page","link":"https:\/\/paguerainversionesinmobiliariassa.com\/","title":{"rendered":"inicio"},"content":{"rendered":"\t\t<div data-elementor-type=\"wp-page\" data-elementor-id=\"27\" class=\"elementor elementor-27\">\n\t\t\t\t<div class=\"elementor-element elementor-element-dbfed2e e-con-full e-flex e-con e-parent\" data-id=\"dbfed2e\" data-element_type=\"container\" data-settings=\"{&quot;background_background&quot;:&quot;classic&quot;}\">\n\t\t\t\t<div class=\"elementor-element elementor-element-84070c3 elementor-widget elementor-widget-heading\" data-id=\"84070c3\" data-element_type=\"widget\" data-widget_type=\"heading.default\">\n\t\t\t\t<div class=\"elementor-widget-container\">\n\t\t\t\t\t<h2 class=\"elementor-heading-title elementor-size-default\">pr\u00f3xima convocatoria<\/h2>\t\t\t\t<\/div>\n\t\t\t\t<\/div>\n\t\t\t\t<\/div>\n\t\t<div class=\"elementor-element elementor-element-aac9443 e-con-full e-flex e-con e-parent\" data-id=\"aac9443\" data-element_type=\"container\">\n\t\t<div class=\"elementor-element elementor-element-dbacd5b e-con-full e-flex e-con e-child\" data-id=\"dbacd5b\" data-element_type=\"container\">\n\t\t\t\t<div class=\"elementor-element elementor-element-de7df56 elementor-hidden-desktop elementor-hidden-tablet elementor-hidden-mobile elementor-widget elementor-widget-heading\" data-id=\"de7df56\" data-element_type=\"widget\" data-widget_type=\"heading.default\">\n\t\t\t\t<div class=\"elementor-widget-container\">\n\t\t\t\t\t<h2 class=\"elementor-heading-title elementor-size-default\">En este espacio aparecer\u00e1 la informaci\u00f3n para la pr\u00f3xima convocatoria.\nMuchas gracias.<\/h2>\t\t\t\t<\/div>\n\t\t\t\t<\/div>\n\t\t\t\t<div class=\"elementor-element elementor-element-4ae4f19 elementor-widget elementor-widget-embedpress_pdf\" data-id=\"4ae4f19\" data-element_type=\"widget\" data-widget_type=\"embedpress_pdf.default\">\n\t\t\t\t<div class=\"elementor-widget-container\">\n\t\t\t\t\t    <div class=\"embedpress-document-embed ep-doc-56866ea6e46ac338e64cd77a98814da9 ose-document emebedpress-unit-percent \" data-thememode=\"default\" data-customcolor=\"\" data-toolbar=\"yes\" data-toolbar-position=\"top\" data-open=\"no\" data-presentation-mode=\"yes\" data-download=\"yes\" data-copy=\"yes\" data-add-image=\"yes\" data-rotate=\"yes\" data-details=\"yes\" data-id=\"embedpress-pdf-4ae4f19\" data-selection-tool=\"0\" data-scrolling=\"0\" data-spreads=\"-1\" style=\" max-width:100%; display: inline-block\">\n        \n        \n                <div >\n                \n                    <div id=\"ep-elementor-content-4ae4f19\" class=\"ep-elementor-content   ep-percentage-width   ep-content-protection-disabled\">\n                        <div id=\"4ae4f19\" class=\"ep-embed-content-wraper\">\n                            <div><iframe title=\"Convocatoria PIISA 1000h_signed_signed\" class=\"embedpress-embed-document-pdf embedpress-pdf-4ae4f19\" style=\"width: 600%!important;height: 1510px;; max-width:100%; display: inline-block\" src=\"https:\/\/paguerainversionesinmobiliariassa.com\/wp-admin\/admin-ajax.php?action=get_viewer&#038;file=https%3A%2F%2Fpaguerainversionesinmobiliariassa.com%2Fwp-content%2Fuploads%2F2025%2F06%2FConvocatoria-PIISA-1000h_signed_signed.pdf&#038;scrolling=0&#038;selection_tool=0&#038;spreads=-1#key=dGhlbWVNb2RlPWRlZmF1bHQmdG9vbGJhcj10cnVlJnBvc2l0aW9uPXRvcCZwcmVzZW50YXRpb249dHJ1ZSZsYXp5TG9hZD1mYWxzZSZkb3dubG9hZD10cnVlJmNvcHlfdGV4dD10cnVlJmFkZF90ZXh0PXRydWUmZHJhdz10cnVlJmFkZF9pbWFnZT10cnVlJnBkZl9yb3RhdGlvbj10cnVlJnBkZl9kZXRhaWxzPXRydWUmem9vbV9pbj10cnVlJnpvb21fb3V0PXRydWUmZml0X3ZpZXc9dHJ1ZSZib29rbWFyaz10cnVlJmZsaXBib29rX3Rvb2xiYXJfcG9zaXRpb249Ym90dG9tJnNlbGVjdGlvbl90b29sPTAmc2Nyb2xsaW5nPTAmc3ByZWFkcz0tMSZpc19wcm9fYWN0aXZlPTA=&#038;zoom=auto\" class=\"embedpress-embed-document-pdf embedpress-pdf-4ae4f19\" data-emid=\"embedpress-pdf-4ae4f19\" frameborder=\"0\"><\/iframe><p class=\"embedpress-el-powered\">Powered By EmbedPress<\/p><\/div>                        <\/div> \n\n                    <\/div>\n        \n\n                   \n                <\/div>\n            \n    <\/div>\n\n\t\t\t\t<\/div>\n\t\t\t\t<\/div>\n\t\t\t\t<\/div>\n\t\t\t\t<\/div>\n\t\t\t\t<\/div>\n\t\t","protected":false},"excerpt":{"rendered":"<p>pr\u00f3xima convocatoria En este espacio aparecer\u00e1 la informaci\u00f3n para la pr\u00f3xima convocatoria. Muchas gracias. Powered By EmbedPress<\/p>\n","protected":false},"author":1,"featured_media":0,"parent":0,"menu_order":0,"comment_status":"closed","ping_status":"closed","template":"","meta":{"footnotes":""},"class_list":["post-27","page","type-page","status-publish","hentry"],"_links":{"self":[{"href":"https:\/\/paguerainversionesinmobiliariassa.com\/index.php?rest_route=\/wp\/v2\/pages\/27","targetHints":{"allow":["GET"]}}],"collection":[{"href":"https:\/\/paguerainversionesinmobiliariassa.com\/index.php?rest_route=\/wp\/v2\/pages"}],"about":[{"href":"https:\/\/paguerainversionesinmobiliariassa.com\/index.php?rest_route=\/wp\/v2\/types\/page"}],"author":[{"embeddable":true,"href":"https:\/\/paguerainversionesinmobiliariassa.com\/index.php?rest_route=\/wp\/v2\/users\/1"}],"replies":[{"embeddable":true,"href":"https:\/\/paguerainversionesinmobiliariassa.com\/index.php?rest_route=%2Fwp%2Fv2%2Fcomments&post=27"}],"version-history":[{"count":5,"href":"https:\/\/paguerainversionesinmobiliariassa.com\/index.php?rest_route=\/wp\/v2\/pages\/27\/revisions"}],"predecessor-version":[{"id":86,"href":"https:\/\/paguerainversionesinmobiliariassa.com\/index.php?rest_route=\/wp\/v2\/pages\/27\/revisions\/86"}],"wp:attachment":[{"href":"https:\/\/paguerainversionesinmobiliariassa.com\/index.php?rest_route=%2Fwp%2Fv2%2Fmedia&parent=27"}],"curies":[{"name":"wp","href":"https:\/\/api.w.org\/{rel}","templated":true}]}}