{"id":3,"date":"2024-09-27T10:38:32","date_gmt":"2024-09-27T08:38:32","guid":{"rendered":"https:\/\/paguerainversionesinmobiliariassa.com\/?page_id=3"},"modified":"2024-09-27T11:39:10","modified_gmt":"2024-09-27T09:39:10","slug":"politica-privacidad","status":"publish","type":"page","link":"https:\/\/paguerainversionesinmobiliariassa.com\/?page_id=3","title":{"rendered":"Pol\u00edtica de privacidad"},"content":{"rendered":"\t\t<div data-elementor-type=\"wp-page\" data-elementor-id=\"3\" class=\"elementor elementor-3\">\n\t\t\t\t<div class=\"elementor-element elementor-element-2b77120 e-flex e-con-boxed e-con e-parent\" data-id=\"2b77120\" data-element_type=\"container\">\n\t\t\t\t\t<div class=\"e-con-inner\">\n\t\t\t\t<div class=\"elementor-element elementor-element-580307ff elementor-widget elementor-widget-text-editor\" data-id=\"580307ff\" data-element_type=\"widget\" data-widget_type=\"text-editor.default\">\n\t\t\t\t<div class=\"elementor-widget-container\">\n\t\t\t\t\t\t\t\t\t<p>\u00a0 \u00a0 \u00a0 \u00a0 \u00a0 <strong>Introducci\u00f3n<\/strong><br \/>Las empresas titulares del sitio Web son PAGUERA INVERSIONES INMOBILIARIAS SA ,con CIF A07051642 con domicilio en Calle setze de juliol, 85 &#8211; 1\u00aa planta local d, palma, 07009, Palma de Mallorca.<br \/>Datos de inscripci\u00f3n en el Registro Complejo Paguera inversiones inmobiliarias Sa<br \/>Registro Mercantil de Baleares, Folio 89, Tomo 901, Secci\u00f3n 8\u00aa, Hoja PM- 4707. N\u00famero de registro hotelero Hotel Luna Park: H\/1892 | N\u00famero de registro hotelero Hotel Luna: H\/1738 | N\u00famero de registro hotelero Hotel Comodoro: H\/1154<br \/><br \/><br \/>1. NORMATIVAS VINCULADAS<br \/><br \/>El presente Aviso Legal est\u00e1 sujeto a lo dispuesto en la Ley Org\u00e1nica 03\/2018, de 05 de diciembre, Reglamento UE 2016\/679 del Parlamento Europeo y del Consejo de 27 de abril de 2016 relativo a la protecci\u00f3n de las personas f\u00edsicas en lo que respecta al tratamiento de datos personales, Real Decreto 1\/2007 en defensa de consumidores y usuarios, la Ley 34\/2002 de 11 de julio, de Servicios de la Sociedad de la Informaci\u00f3n y de Comercio Electr\u00f3nico, Ley 9\/2014, de 9 de mayo, que hace alguna modificaci\u00f3n en la Ley 34\/2002 de 11 de julio, el Real Decreto-ley 13\/2012, de 30 de marzo, por el que se transponen directivas en materia de mercados interiores de electricidad y gas y en materia de comunicaciones electr\u00f3nicas, y por el que se adoptan medidas para la correcci\u00f3n de las desviaciones por desajustes entre los costes e ingresos de los sectores el\u00e9ctrico y gasista, as\u00ed como cualquier normativa posterior que las modifican o desarrollan.<br \/><br \/>2. USUARIOS<br \/><br \/>El acceso y\/o uso de este sitio Web le atribuye la condici\u00f3n de USUARIO, que debe aceptar las Condiciones Generales de Uso y de la Pol\u00edtica de Privacidad aqu\u00ed reflejadas. Cualquier persona que no acepte estas condiciones deber\u00e1 abstenerse de utilizar el Sitio Web. Las citadas Condiciones ser\u00e1n de aplicaci\u00f3n independientemente de las Condiciones Generales de Contrataci\u00f3n que en su caso resulten de obligado cumplimiento.<br \/><br \/>3. USO DEL SITIO WEB<br \/><br \/>El acceso y uso del sitio Web y todos los subdominios y directorios incluidos bajo la misma, as\u00ed como los servicios o contenidos que a trav\u00e9s de \u00e9l se puedan obtener bajo su titularidad, est\u00e1n sujetos a los t\u00e9rminos que se detallan en este Aviso Legal, sin perjuicio de que el acceso a alguno de dichos servicios o contenidos pudieran precisar de la aceptaci\u00f3n de unas Condiciones Generales particulares adicionales. Por ello, si las consideraciones detalladas en este Aviso Legal no son de su conformidad, rogamos no haga uso del Sitio Web, ya que cualquier uso que haga del mismo o de los servicios y contenidos en \u00e9l incluidos implicar\u00e1 la aceptaci\u00f3n de los t\u00e9rminos legales recogidos en este texto.<br \/><br \/>4. DERECHOS DE PROPIEDAD INTELECTUAL E INDUSTRIAL<br \/><br \/>Tanto el dise\u00f1o de sitio Web de su titularidad y sus c\u00f3digos fuente, como los logos, marcas, y dem\u00e1s signos distintivos que aparecen en el mismo, pertenecen a La empresa Titular o entidades colaboradoras y est\u00e1n protegidos por los correspondientes derechos de propiedad intelectual e industrial. Igualmente est\u00e1n protegidos por los correspondientes derechos de propiedad intelectual e industrial las im\u00e1genes y dem\u00e1s contenidos incluidos en el servidor.<br \/>Su uso, reproducci\u00f3n, distribuci\u00f3n, comunicaci\u00f3n p\u00fablica, transformaci\u00f3n o cualquier otra actividad similar o an\u00e1loga, queda totalmente prohibida salvo que medie expresa autorizaci\u00f3n del titular. La licencia de uso de cualquier contenido de este Sitio Web otorgada al Usuario se limita a la descarga por parte del Usuario de dicho contenido y el uso privado del mismo, siempre que los citados contenidos permanezcan \u00edntegros.<br \/>La empresa Titular declara su respeto a los derechos de propiedad intelectual e industrial de terceros; por ello, si considera que este sitio pudiera estar violando sus derechos, rogamos se ponga en contacto.<br \/>Aquellos Usuarios que env\u00eden al Sitio Web observaciones, opiniones o comentarios por medio del servicio de correo electr\u00f3nico o por cualquier otro medio, en los casos en los que por la naturaleza de los servicios ello sea posible, se entiende que autorizan a La empresa Titular para la reproducci\u00f3n, distribuci\u00f3n, comunicaci\u00f3n p\u00fablica, transformaci\u00f3n, y el ejercicio de cualquier otro derecho de explotaci\u00f3n, de tales observaciones, opiniones o comentarios, por todo el tiempo de protecci\u00f3n de derecho de autor que est\u00e9 previsto legalmente y sin limitaci\u00f3n territorial. Asimismo, se entiende que esta autorizaci\u00f3n se hace a t\u00edtulo gratuito.<br \/>La empresa Titular no se hace responsable por la utilizaci\u00f3n que el Usuario realice de los servicios del Sitio Web, as\u00ed como de cualquier material que \u00e9l mismo incluya en el presente Sitio Web, que puedan infringir los derechos de propiedad intelectual o industrial o cualquier otro derecho de terceros.<br \/><br \/>5. EXCLUSI\u00d3N DE GARANT\u00cdAS Y RESPONSABILIDAD<br \/><br \/>La empresa Titular no se hace responsable, en ning\u00fan caso, de los da\u00f1os y perjuicios de cualquier naturaleza que pudieran ocasionar, a t\u00edtulo enunciativo, errores u omisiones en los contenidos, falta de disponibilidad del sitio Web o la transmisi\u00f3n de virus o programas maliciosos o lesivos en los contenidos, a pesar de haber adoptado todas las medidas tecnol\u00f3gicas necesarias para evitarlo.<br \/>La empresa Titular puede proporcionarle, acceso a sitios web de terceros mediante enlaces. Estos enlaces a otros sitios web est\u00e1n fuera de control de La empresa Titular por lo que no se hace responsable del contenido, informaciones o servicios que pudieran aparecer.<br \/>La empresa Titular tampoco se hace responsable de las infracciones realizadas por Usuarios de web que afecten a terceros.<br \/><br \/>6. MODIFICACIONES<br \/><br \/>La empresa Titularse reserva el derecho a realizar cambios en el Sitio Web del que es titular sin previo aviso, con el objeto de actualizar, corregir, modificar, a\u00f1adir o eliminar los contenidos del sitio Web o de su dise\u00f1o. Los contenidos y servicios que ofrece el sitio Web se actualizan peri\u00f3dicamente. Debido a que la actualizaci\u00f3n de la informaci\u00f3n no es inmediata, le sugerimos que compruebe siempre la vigencia y exactitud de la informaci\u00f3n, servicios y contenidos recogidos en los mismos.<br \/><br \/>7. DERECHO DE EXCLUSI\u00d3N<br \/><br \/>La empresa Titular se reserva el derecho a denegar o retirar el acceso al sitio Web y\/o los servicios ofrecidos sin necesidad de preaviso, a instancia propia o de un tercero, a aquellos Usuarios que incumplan las presentes Condiciones Generales de Uso.<br \/><br \/>8. GENERALIDADES<br \/><br \/>La empresa Titular perseguir\u00e1 el incumplimiento de las presentes condiciones, as\u00ed como cualquier utilizaci\u00f3n indebida de su sitio Web ejerciendo todas las acciones civiles y penales que le puedan corresponder en derecho.<br \/><br \/>9. MODIFICACI\u00d3N DE LAS PRESENTES CONDICIONES Y DURACI\u00d3N<br \/><br \/>La empresa Titular podr\u00e1 modificar en cualquier momento las condiciones aqu\u00ed determinadas, siendo debidamente publicadas como aqu\u00ed aparecen. La vigencia de las citadas condiciones ir\u00e1 en funci\u00f3n de su exposici\u00f3n y estar\u00e1n vigentes hasta que sean modificadas por otras debidamente publicadas. Las condiciones y t\u00e9rminos que se recogen en el presente Aviso Legal pueden variar, por lo que le invitamos a que revise estos t\u00e9rminos cuando visite de nuevo el Sitio Web.<br \/><br \/>10. LEGISLACI\u00d3N APLICABLE Y JURISDICCI\u00d3N<br \/><br \/>La ley aplicable en caso de disputa o conflicto de interpretaci\u00f3n de los t\u00e9rminos que conforman este Aviso Legal, as\u00ed como cualquier cuesti\u00f3n relacionada con los servicios del presente Sitio Web, ser\u00e1 la ley espa\u00f1ola. Para la resoluci\u00f3n de cualquier conflicto que pueda surgir con ocasi\u00f3n de la visita al Sitio Web o del uso de los servicios que en \u00e9l se puedan ofertar, La empresa Titular y el Usuario acuerdan someterse a los Jueces y Tribunales que correspondan seg\u00fan su fuero.<\/p>\t\t\t\t\t\t\t\t<\/div>\n\t\t\t\t<\/div>\n\t\t\t\t\t<\/div>\n\t\t\t\t<\/div>\n\t\t\t\t<\/div>\n\t\t","protected":false},"excerpt":{"rendered":"<p>\u00a0 \u00a0 \u00a0 \u00a0 \u00a0 Introducci\u00f3nLas empresas titulares del sitio Web son PAGUERA INVERSIONES INMOBILIARIAS SA ,con CIF A07051642 con domicilio en Calle setze de juliol, 85 &#8211; 1\u00aa planta local d, palma, 07009, Palma de Mallorca.Datos de inscripci\u00f3n en el Registro Complejo Paguera inversiones inmobiliarias SaRegistro Mercantil de Baleares, Folio 89, Tomo 901, Secci\u00f3n [&hellip;]<\/p>\n","protected":false},"author":1,"featured_media":0,"parent":0,"menu_order":0,"comment_status":"closed","ping_status":"open","template":"","meta":{"footnotes":""},"class_list":["post-3","page","type-page","status-publish","hentry"],"_links":{"self":[{"href":"https:\/\/paguerainversionesinmobiliariassa.com\/index.php?rest_route=\/wp\/v2\/pages\/3","targetHints":{"allow":["GET"]}}],"collection":[{"href":"https:\/\/paguerainversionesinmobiliariassa.com\/index.php?rest_route=\/wp\/v2\/pages"}],"about":[{"href":"https:\/\/paguerainversionesinmobiliariassa.com\/index.php?rest_route=\/wp\/v2\/types\/page"}],"author":[{"embeddable":true,"href":"https:\/\/paguerainversionesinmobiliariassa.com\/index.php?rest_route=\/wp\/v2\/users\/1"}],"replies":[{"embeddable":true,"href":"https:\/\/paguerainversionesinmobiliariassa.com\/index.php?rest_route=%2Fwp%2Fv2%2Fcomments&post=3"}],"version-history":[{"count":5,"href":"https:\/\/paguerainversionesinmobiliariassa.com\/index.php?rest_route=\/wp\/v2\/pages\/3\/revisions"}],"predecessor-version":[{"id":62,"href":"https:\/\/paguerainversionesinmobiliariassa.com\/index.php?rest_route=\/wp\/v2\/pages\/3\/revisions\/62"}],"wp:attachment":[{"href":"https:\/\/paguerainversionesinmobiliariassa.com\/index.php?rest_route=%2Fwp%2Fv2%2Fmedia&parent=3"}],"curies":[{"name":"wp","href":"https:\/\/api.w.org\/{rel}","templated":true}]}}